{"id":58552,"date":"2024-01-08T15:25:31","date_gmt":"2024-01-08T18:25:31","guid":{"rendered":"https:\/\/www.clickfozdoiguacu.com.br\/?page_id=58552"},"modified":"2024-02-01T14:37:22","modified_gmt":"2024-02-01T17:37:22","slug":"ponte-da-amizade-ao-vivo","status":"publish","type":"page","link":"http:\/\/box5640.temp.domains\/~clickfoz\/ponte-da-amizade-ao-vivo\/","title":{"rendered":"\ud83d\udd34 Ponte da Amizade Ao Vivo"},"content":{"rendered":"\n<p><a href=\"https:\/\/www.megaeletronicos.com\/live\">Confira a Ponte da Amizade AO VIVO clicando aqui<\/a>.<\/p>\n\n\n\n<p><br><strong>Ver movimento da Ponte da Amizade Ao Vivo<\/strong><br>Em Foz do Igua\u00e7u, uma cidade conhecida por sua diversidade cultural e beleza natural, uma  atra\u00e7\u00e3o est\u00e1 capturando a aten\u00e7\u00e3o de moradores e visitantes: a <strong>c\u00e2mera ao vivo da Ponte da Amizade<\/strong>. Essa inovadora ferramenta de transmiss\u00e3o n\u00e3o apenas oferece uma vis\u00e3o panor\u00e2mica da ic\u00f4nica ponte que conecta o Brasil ao Paraguai, mas oferece imagens do movimento do centro de Ciudad del Este, importante para os turistas em momento de decis\u00e3o de compras no exterior. <\/p>\n\n\n\n<p><strong>Sobre a Mega Eletr\u00f4nicos<\/strong><br>A <a href=\"http:\/\/megaeletronicos.com\">Mega Eletr\u00f4nicos<\/a>, situada no cora\u00e7\u00e3o de Ciudad del Este, Paraguai, \u00e9 um verdadeiro para\u00edso para entusiastas da tecnologia e compristas frequentes. Reconhecida por sua imensa variedade de produtos eletr\u00f4nicos, a loja abrange desde os mais recentes e cobi\u00e7ados gadgets at\u00e9 componentes eletr\u00f4nicos altamente especializados, atendendo a uma ampla gama de necessidades e prefer\u00eancias. O que realmente distingue a Mega Eletr\u00f4nicos \u00e9 sua combina\u00e7\u00e3o \u00fanica de mercadorias de alta qualidade com pre\u00e7os extremamente competitivos, tornando-a um destino imperd\u00edvel para aqueles que buscam excelente custo-benef\u00edcio.<\/p>\n\n\n\n<p><a href=\"https:\/\/www.instagram.com\/megaeletronicosoficial\/\">Siga a Mega Eletronicos no Instagram<\/a><\/p>\n\n\n\n<p>V\u00e1 e volte do Paraguai com conforto e seguran\u00e7a com os transportes da Loumar Turismo. Contrate agora mesmo pelo <a href=\"(45) 3521 4001\" target=\"_blank\" rel=\"noreferrer noopener\">WhatsApp: (45) 3521 400<\/a><a href=\"https:\/\/api.whatsapp.com\/send?phone=554535214001\" target=\"_blank\" rel=\"noreferrer noopener\">1<\/a> ou telefone (45) 3521 4000.<\/p>\n","protected":false},"excerpt":{"rendered":"<p>Confira imagens da Ponte da Amizade e do centro de Ciudad del Este AO VIVO.<\/p>\n","protected":false},"author":30,"featured_media":58604,"parent":0,"menu_order":0,"comment_status":"closed","ping_status":"closed","template":"","meta":{"footnotes":""},"class_list":["post-58552","page","type-page","status-publish","has-post-thumbnail","hentry"],"yoast_head":"<!-- This site is optimized with the Yoast SEO plugin v25.2 - https:\/\/yoast.com\/wordpress\/plugins\/seo\/ -->\n<title>\ud83d\udd34 Ponte da Amizade Ao Vivo - Clickfoz<\/title>\n<meta name=\"description\" content=\"Confira imagens da Ponte da Amizade Ao Vivo e do centro de Ciudad del Este, no Paraguai. Compre o seu transporte para compras no Paraguai.\" \/>\n<meta name=\"robots\" content=\"index, follow, max-snippet:-1, max-image-preview:large, max-video-preview:-1\" \/>\n<link rel=\"canonical\" href=\"http:\/\/box5640.temp.domains\/~clickfoz\/ponte-da-amizade-ao-vivo\/\" \/>\n<meta property=\"og:locale\" content=\"pt_BR\" \/>\n<meta property=\"og:type\" content=\"article\" \/>\n<meta property=\"og:title\" content=\"\ud83d\udd34 Ponte da Amizade Ao Vivo - Clickfoz\" \/>\n<meta property=\"og:description\" content=\"Confira imagens da Ponte da Amizade Ao Vivo e do centro de Ciudad del Este, no Paraguai. Compre o seu transporte para compras no Paraguai.\" \/>\n<meta property=\"og:url\" content=\"http:\/\/box5640.temp.domains\/~clickfoz\/ponte-da-amizade-ao-vivo\/\" \/>\n<meta property=\"og:site_name\" content=\"Clickfoz\" \/>\n<meta property=\"article:publisher\" content=\"https:\/\/facebook.com\/clickfoz\" \/>\n<meta property=\"article:modified_time\" content=\"2024-02-01T17:37:22+00:00\" \/>\n<meta property=\"og:image\" content=\"http:\/\/box5640.temp.domains\/~clickfoz\/wp-content\/uploads\/2024\/01\/mega-eletronicos-no-paraguai.jpeg\" \/>\n\t<meta property=\"og:image:width\" content=\"1920\" \/>\n\t<meta property=\"og:image:height\" content=\"1080\" \/>\n\t<meta property=\"og:image:type\" content=\"image\/jpeg\" \/>\n<meta name=\"twitter:card\" content=\"summary_large_image\" \/>\n<meta name=\"twitter:site\" content=\"@clickfoz\" \/>\n<meta name=\"twitter:label1\" content=\"Est. tempo de leitura\" \/>\n\t<meta name=\"twitter:data1\" content=\"2 minutos\" \/>\n<script type=\"application\/ld+json\" class=\"yoast-schema-graph\">{\"@context\":\"https:\/\/schema.org\",\"@graph\":[{\"@type\":\"WebPage\",\"@id\":\"http:\/\/box5640.temp.domains\/~clickfoz\/ponte-da-amizade-ao-vivo\/\",\"url\":\"http:\/\/box5640.temp.domains\/~clickfoz\/ponte-da-amizade-ao-vivo\/\",\"name\":\"\ud83d\udd34 Ponte da Amizade Ao Vivo - Clickfoz\",\"isPartOf\":{\"@id\":\"https:\/\/box5640.temp.domains\/~clickfoz\/#website\"},\"primaryImageOfPage\":{\"@id\":\"http:\/\/box5640.temp.domains\/~clickfoz\/ponte-da-amizade-ao-vivo\/#primaryimage\"},\"image\":{\"@id\":\"http:\/\/box5640.temp.domains\/~clickfoz\/ponte-da-amizade-ao-vivo\/#primaryimage\"},\"thumbnailUrl\":\"http:\/\/box5640.temp.domains\/~clickfoz\/wp-content\/uploads\/2024\/01\/mega-eletronicos-no-paraguai.jpeg\",\"datePublished\":\"2024-01-08T18:25:31+00:00\",\"dateModified\":\"2024-02-01T17:37:22+00:00\",\"description\":\"Confira imagens da Ponte da Amizade Ao Vivo e do centro de Ciudad del Este, no Paraguai. Compre o seu transporte para compras no Paraguai.\",\"breadcrumb\":{\"@id\":\"http:\/\/box5640.temp.domains\/~clickfoz\/ponte-da-amizade-ao-vivo\/#breadcrumb\"},\"inLanguage\":\"pt-BR\",\"potentialAction\":[{\"@type\":\"ReadAction\",\"target\":[\"http:\/\/box5640.temp.domains\/~clickfoz\/ponte-da-amizade-ao-vivo\/\"]}]},{\"@type\":\"ImageObject\",\"inLanguage\":\"pt-BR\",\"@id\":\"http:\/\/box5640.temp.domains\/~clickfoz\/ponte-da-amizade-ao-vivo\/#primaryimage\",\"url\":\"http:\/\/box5640.temp.domains\/~clickfoz\/wp-content\/uploads\/2024\/01\/mega-eletronicos-no-paraguai.jpeg\",\"contentUrl\":\"http:\/\/box5640.temp.domains\/~clickfoz\/wp-content\/uploads\/2024\/01\/mega-eletronicos-no-paraguai.jpeg\",\"width\":1920,\"height\":1080},{\"@type\":\"BreadcrumbList\",\"@id\":\"http:\/\/box5640.temp.domains\/~clickfoz\/ponte-da-amizade-ao-vivo\/#breadcrumb\",\"itemListElement\":[{\"@type\":\"ListItem\",\"position\":1,\"name\":\"Home\",\"item\":\"http:\/\/box5640.temp.domains\/~clickfoz\/\"},{\"@type\":\"ListItem\",\"position\":2,\"name\":\"\ud83d\udd34 Ponte da Amizade Ao Vivo\"}]},{\"@type\":\"WebSite\",\"@id\":\"https:\/\/box5640.temp.domains\/~clickfoz\/#website\",\"url\":\"https:\/\/box5640.temp.domains\/~clickfoz\/\",\"name\":\"Click Foz do Igua\u00e7u\",\"description\":\"O portal de not\u00edcias de Foz do Igua\u00e7u\",\"publisher\":{\"@id\":\"https:\/\/box5640.temp.domains\/~clickfoz\/#organization\"},\"potentialAction\":[{\"@type\":\"SearchAction\",\"target\":{\"@type\":\"EntryPoint\",\"urlTemplate\":\"https:\/\/box5640.temp.domains\/~clickfoz\/?s={search_term_string}\"},\"query-input\":{\"@type\":\"PropertyValueSpecification\",\"valueRequired\":true,\"valueName\":\"search_term_string\"}}],\"inLanguage\":\"pt-BR\"},{\"@type\":\"Organization\",\"@id\":\"https:\/\/box5640.temp.domains\/~clickfoz\/#organization\",\"name\":\"Clickfoz - Portal de Not\u00edcias de Foz do Igua\u00e7i\",\"url\":\"https:\/\/box5640.temp.domains\/~clickfoz\/\",\"logo\":{\"@type\":\"ImageObject\",\"inLanguage\":\"pt-BR\",\"@id\":\"https:\/\/box5640.temp.domains\/~clickfoz\/#\/schema\/logo\/image\/\",\"url\":\"http:\/\/box5640.temp.domains\/~clickfoz\/wp-content\/uploads\/2019\/04\/clickfoz-mini-logo-green-mouse-190x65.png\",\"contentUrl\":\"http:\/\/box5640.temp.domains\/~clickfoz\/wp-content\/uploads\/2019\/04\/clickfoz-mini-logo-green-mouse-190x65.png\",\"width\":190,\"height\":65,\"caption\":\"Clickfoz - Portal de Not\u00edcias de Foz do Igua\u00e7i\"},\"image\":{\"@id\":\"https:\/\/box5640.temp.domains\/~clickfoz\/#\/schema\/logo\/image\/\"},\"sameAs\":[\"https:\/\/facebook.com\/clickfoz\",\"https:\/\/x.com\/clickfoz\",\"https:\/\/www.instagram.com\/clickfoz\"]}]}<\/script>\n<!-- \/ Yoast SEO plugin. -->","yoast_head_json":{"title":"\ud83d\udd34 Ponte da Amizade Ao Vivo - Clickfoz","description":"Confira imagens da Ponte da Amizade Ao Vivo e do centro de Ciudad del Este, no Paraguai. Compre o seu transporte para compras no Paraguai.","robots":{"index":"index","follow":"follow","max-snippet":"max-snippet:-1","max-image-preview":"max-image-preview:large","max-video-preview":"max-video-preview:-1"},"canonical":"http:\/\/box5640.temp.domains\/~clickfoz\/ponte-da-amizade-ao-vivo\/","og_locale":"pt_BR","og_type":"article","og_title":"\ud83d\udd34 Ponte da Amizade Ao Vivo - Clickfoz","og_description":"Confira imagens da Ponte da Amizade Ao Vivo e do centro de Ciudad del Este, no Paraguai. Compre o seu transporte para compras no Paraguai.","og_url":"http:\/\/box5640.temp.domains\/~clickfoz\/ponte-da-amizade-ao-vivo\/","og_site_name":"Clickfoz","article_publisher":"https:\/\/facebook.com\/clickfoz","article_modified_time":"2024-02-01T17:37:22+00:00","og_image":[{"width":1920,"height":1080,"url":"http:\/\/box5640.temp.domains\/~clickfoz\/wp-content\/uploads\/2024\/01\/mega-eletronicos-no-paraguai.jpeg","type":"image\/jpeg"}],"twitter_card":"summary_large_image","twitter_site":"@clickfoz","twitter_misc":{"Est. tempo de leitura":"2 minutos"},"schema":{"@context":"https:\/\/schema.org","@graph":[{"@type":"WebPage","@id":"http:\/\/box5640.temp.domains\/~clickfoz\/ponte-da-amizade-ao-vivo\/","url":"http:\/\/box5640.temp.domains\/~clickfoz\/ponte-da-amizade-ao-vivo\/","name":"\ud83d\udd34 Ponte da Amizade Ao Vivo - Clickfoz","isPartOf":{"@id":"https:\/\/box5640.temp.domains\/~clickfoz\/#website"},"primaryImageOfPage":{"@id":"http:\/\/box5640.temp.domains\/~clickfoz\/ponte-da-amizade-ao-vivo\/#primaryimage"},"image":{"@id":"http:\/\/box5640.temp.domains\/~clickfoz\/ponte-da-amizade-ao-vivo\/#primaryimage"},"thumbnailUrl":"http:\/\/box5640.temp.domains\/~clickfoz\/wp-content\/uploads\/2024\/01\/mega-eletronicos-no-paraguai.jpeg","datePublished":"2024-01-08T18:25:31+00:00","dateModified":"2024-02-01T17:37:22+00:00","description":"Confira imagens da Ponte da Amizade Ao Vivo e do centro de Ciudad del Este, no Paraguai. Compre o seu transporte para compras no Paraguai.","breadcrumb":{"@id":"http:\/\/box5640.temp.domains\/~clickfoz\/ponte-da-amizade-ao-vivo\/#breadcrumb"},"inLanguage":"pt-BR","potentialAction":[{"@type":"ReadAction","target":["http:\/\/box5640.temp.domains\/~clickfoz\/ponte-da-amizade-ao-vivo\/"]}]},{"@type":"ImageObject","inLanguage":"pt-BR","@id":"http:\/\/box5640.temp.domains\/~clickfoz\/ponte-da-amizade-ao-vivo\/#primaryimage","url":"http:\/\/box5640.temp.domains\/~clickfoz\/wp-content\/uploads\/2024\/01\/mega-eletronicos-no-paraguai.jpeg","contentUrl":"http:\/\/box5640.temp.domains\/~clickfoz\/wp-content\/uploads\/2024\/01\/mega-eletronicos-no-paraguai.jpeg","width":1920,"height":1080},{"@type":"BreadcrumbList","@id":"http:\/\/box5640.temp.domains\/~clickfoz\/ponte-da-amizade-ao-vivo\/#breadcrumb","itemListElement":[{"@type":"ListItem","position":1,"name":"Home","item":"http:\/\/box5640.temp.domains\/~clickfoz\/"},{"@type":"ListItem","position":2,"name":"\ud83d\udd34 Ponte da Amizade Ao Vivo"}]},{"@type":"WebSite","@id":"https:\/\/box5640.temp.domains\/~clickfoz\/#website","url":"https:\/\/box5640.temp.domains\/~clickfoz\/","name":"Click Foz do Igua\u00e7u","description":"O portal de not\u00edcias de Foz do Igua\u00e7u","publisher":{"@id":"https:\/\/box5640.temp.domains\/~clickfoz\/#organization"},"potentialAction":[{"@type":"SearchAction","target":{"@type":"EntryPoint","urlTemplate":"https:\/\/box5640.temp.domains\/~clickfoz\/?s={search_term_string}"},"query-input":{"@type":"PropertyValueSpecification","valueRequired":true,"valueName":"search_term_string"}}],"inLanguage":"pt-BR"},{"@type":"Organization","@id":"https:\/\/box5640.temp.domains\/~clickfoz\/#organization","name":"Clickfoz - Portal de Not\u00edcias de Foz do Igua\u00e7i","url":"https:\/\/box5640.temp.domains\/~clickfoz\/","logo":{"@type":"ImageObject","inLanguage":"pt-BR","@id":"https:\/\/box5640.temp.domains\/~clickfoz\/#\/schema\/logo\/image\/","url":"http:\/\/box5640.temp.domains\/~clickfoz\/wp-content\/uploads\/2019\/04\/clickfoz-mini-logo-green-mouse-190x65.png","contentUrl":"http:\/\/box5640.temp.domains\/~clickfoz\/wp-content\/uploads\/2019\/04\/clickfoz-mini-logo-green-mouse-190x65.png","width":190,"height":65,"caption":"Clickfoz - Portal de Not\u00edcias de Foz do Igua\u00e7i"},"image":{"@id":"https:\/\/box5640.temp.domains\/~clickfoz\/#\/schema\/logo\/image\/"},"sameAs":["https:\/\/facebook.com\/clickfoz","https:\/\/x.com\/clickfoz","https:\/\/www.instagram.com\/clickfoz"]}]}},"_links":{"self":[{"href":"http:\/\/box5640.temp.domains\/~clickfoz\/wp-json\/wp\/v2\/pages\/58552","targetHints":{"allow":["GET"]}}],"collection":[{"href":"http:\/\/box5640.temp.domains\/~clickfoz\/wp-json\/wp\/v2\/pages"}],"about":[{"href":"http:\/\/box5640.temp.domains\/~clickfoz\/wp-json\/wp\/v2\/types\/page"}],"author":[{"embeddable":true,"href":"http:\/\/box5640.temp.domains\/~clickfoz\/wp-json\/wp\/v2\/users\/30"}],"replies":[{"embeddable":true,"href":"http:\/\/box5640.temp.domains\/~clickfoz\/wp-json\/wp\/v2\/comments?post=58552"}],"version-history":[{"count":15,"href":"http:\/\/box5640.temp.domains\/~clickfoz\/wp-json\/wp\/v2\/pages\/58552\/revisions"}],"predecessor-version":[{"id":58845,"href":"http:\/\/box5640.temp.domains\/~clickfoz\/wp-json\/wp\/v2\/pages\/58552\/revisions\/58845"}],"wp:featuredmedia":[{"embeddable":true,"href":"http:\/\/box5640.temp.domains\/~clickfoz\/wp-json\/wp\/v2\/media\/58604"}],"wp:attachment":[{"href":"http:\/\/box5640.temp.domains\/~clickfoz\/wp-json\/wp\/v2\/media?parent=58552"}],"curies":[{"name":"wp","href":"https:\/\/api.w.org\/{rel}","templated":true}]}}