{"id":20244,"date":"2016-09-21T18:40:14","date_gmt":"2016-09-21T18:40:14","guid":{"rendered":"http:\/\/foziguacu.com\/?page_id=20244"},"modified":"2024-01-16T13:12:46","modified_gmt":"2024-01-16T16:12:46","slug":"anuncie-conosco","status":"publish","type":"page","link":"http:\/\/box5640.temp.domains\/~clickfoz\/anuncie-conosco\/","title":{"rendered":"Anuncie conosco"},"content":{"rendered":"\t\t<div data-elementor-type=\"wp-page\" data-elementor-id=\"20244\" class=\"elementor elementor-20244\" data-elementor-post-type=\"page\">\n\t\t\t\t<div class=\"elementor-element elementor-element-50599a27 e-flex e-con-boxed e-con e-parent\" data-id=\"50599a27\" data-element_type=\"container\">\n\t\t\t\t\t<div class=\"e-con-inner\">\n\t\t\t\t\t<\/div>\n\t\t\t\t<\/div>\n\t\t<div class=\"elementor-element elementor-element-59e728d e-flex e-con-boxed e-con e-parent\" data-id=\"59e728d\" data-element_type=\"container\">\n\t\t\t\t\t<div class=\"e-con-inner\">\n\t\t\t\t<div class=\"elementor-element elementor-element-8492650 elementor-widget elementor-widget-heading\" data-id=\"8492650\" data-element_type=\"widget\" data-widget_type=\"heading.default\">\n\t\t\t\t<div class=\"elementor-widget-container\">\n\t\t\t\t\t<h1 class=\"elementor-heading-title elementor-size-default\"><b>Conecte a sua marca com o Clickfoz.com, o portal de not\u00edcias mais acessado de Foz do Igua\u00e7u e regi\u00e3o trinacional<\/b><\/h1>\t\t\t\t<\/div>\n\t\t\t\t<\/div>\n\t\t\t\t\t<\/div>\n\t\t\t\t<\/div>\n\t\t<div class=\"elementor-element elementor-element-37314f1 e-flex e-con-boxed e-con e-parent\" data-id=\"37314f1\" data-element_type=\"container\">\n\t\t\t\t\t<div class=\"e-con-inner\">\n\t\t\t\t<div class=\"elementor-element elementor-element-a422a35 elementor-icon-list--layout-traditional elementor-list-item-link-full_width elementor-widget elementor-widget-icon-list\" data-id=\"a422a35\" data-element_type=\"widget\" data-widget_type=\"icon-list.default\">\n\t\t\t\t<div class=\"elementor-widget-container\">\n\t\t\t\t\t\t\t<ul class=\"elementor-icon-list-items\">\n\t\t\t\t\t\t\t<li class=\"elementor-icon-list-item\">\n\t\t\t\t\t\t\t\t\t\t\t<span class=\"elementor-icon-list-icon\">\n\t\t\t\t\t\t\t<i aria-hidden=\"true\" class=\"fab fa-telegram\"><\/i>\t\t\t\t\t\t<\/span>\n\t\t\t\t\t\t\t\t\t\t<span class=\"elementor-icon-list-text\"><b>2.000 pessoas no canal do Telegram<\/b><\/span>\n\t\t\t\t\t\t\t\t\t<\/li>\n\t\t\t\t\t\t\t\t<li class=\"elementor-icon-list-item\">\n\t\t\t\t\t\t\t\t\t\t\t<span class=\"elementor-icon-list-icon\">\n\t\t\t\t\t\t\t<i aria-hidden=\"true\" class=\"fab fa-instagram\"><\/i>\t\t\t\t\t\t<\/span>\n\t\t\t\t\t\t\t\t\t\t<span class=\"elementor-icon-list-text\"><b>9.500 seguidores no Instagram<\/b><\/span>\n\t\t\t\t\t\t\t\t\t<\/li>\n\t\t\t\t\t\t\t\t<li class=\"elementor-icon-list-item\">\n\t\t\t\t\t\t\t\t\t\t\t<span class=\"elementor-icon-list-icon\">\n\t\t\t\t\t\t\t<i aria-hidden=\"true\" class=\"fab fa-facebook\"><\/i>\t\t\t\t\t\t<\/span>\n\t\t\t\t\t\t\t\t\t\t<span class=\"elementor-icon-list-text\"><b>45.000 curtidas no Facebook<\/b><\/span>\n\t\t\t\t\t\t\t\t\t<\/li>\n\t\t\t\t\t\t\t\t<li class=\"elementor-icon-list-item\">\n\t\t\t\t\t\t\t\t\t\t\t<span class=\"elementor-icon-list-icon\">\n\t\t\t\t\t\t\t<i aria-hidden=\"true\" class=\"far fa-eye\"><\/i>\t\t\t\t\t\t<\/span>\n\t\t\t\t\t\t\t\t\t\t<span class=\"elementor-icon-list-text\"><b>100.000 pages views \/m\u00eas<\/b><\/span>\n\t\t\t\t\t\t\t\t\t<\/li>\n\t\t\t\t\t\t<\/ul>\n\t\t\t\t\t\t<\/div>\n\t\t\t\t<\/div>\n\t\t\t\t<div class=\"elementor-element elementor-element-9784198 elementor-align-center elementor-widget elementor-widget-button\" data-id=\"9784198\" data-element_type=\"widget\" data-widget_type=\"button.default\">\n\t\t\t\t<div class=\"elementor-widget-container\">\n\t\t\t\t\t\t\t\t\t<div class=\"elementor-button-wrapper\">\n\t\t\t\t\t<a class=\"elementor-button elementor-button-link elementor-size-lg\" href=\"https:\/\/api.whatsapp.com\/send?phone=554598090872&#038;text=Gostaria%20de%20mais%20detalhes%20para%20anunciar%20no%20Clickfoz\" target=\"_blank\">\n\t\t\t\t\t\t<span class=\"elementor-button-content-wrapper\">\n\t\t\t\t\t\t<span class=\"elementor-button-icon\">\n\t\t\t\t<i aria-hidden=\"true\" class=\"fab fa-whatsapp\"><\/i>\t\t\t<\/span>\n\t\t\t\t\t\t\t\t\t<span class=\"elementor-button-text\">Solicite o m\u00eddia kit atualizado<\/span>\n\t\t\t\t\t<\/span>\n\t\t\t\t\t<\/a>\n\t\t\t\t<\/div>\n\t\t\t\t\t\t\t\t<\/div>\n\t\t\t\t<\/div>\n\t\t\t\t\t<\/div>\n\t\t\t\t<\/div>\n\t\t<div class=\"elementor-element elementor-element-39ff873 e-flex e-con-boxed e-con e-parent\" data-id=\"39ff873\" data-element_type=\"container\">\n\t\t\t\t\t<div class=\"e-con-inner\">\n\t\t\t\t<div class=\"elementor-element elementor-element-f855c7a elementor-widget elementor-widget-heading\" data-id=\"f855c7a\" data-element_type=\"widget\" data-widget_type=\"heading.default\">\n\t\t\t\t<div class=\"elementor-widget-container\">\n\t\t\t\t\t<h1 class=\"elementor-heading-title elementor-size-default\">Confira algumas marcas parceiras do Clickfoz.com<\/h1>\t\t\t\t<\/div>\n\t\t\t\t<\/div>\n\t\t\t\t\t<\/div>\n\t\t\t\t<\/div>\n\t\t<div class=\"elementor-element elementor-element-ad998a0 e-grid e-con-boxed e-con e-parent\" data-id=\"ad998a0\" data-element_type=\"container\">\n\t\t\t\t\t<div class=\"e-con-inner\">\n\t\t\t\t<div class=\"elementor-element elementor-element-ea75565 elementor-widget elementor-widget-image\" data-id=\"ea75565\" data-element_type=\"widget\" data-widget_type=\"image.default\">\n\t\t\t\t<div class=\"elementor-widget-container\">\n\t\t\t\t\t\t\t\t\t\t\t\t\t\t\t<img fetchpriority=\"high\" decoding=\"async\" width=\"800\" height=\"800\" src=\"http:\/\/box5640.temp.domains\/~clickfoz\/wp-content\/uploads\/2024\/01\/loumar.png\" class=\"attachment-large size-large wp-image-58434\" alt=\"\" srcset=\"http:\/\/box5640.temp.domains\/~clickfoz\/wp-content\/uploads\/2024\/01\/loumar.png 1024w, http:\/\/box5640.temp.domains\/~clickfoz\/wp-content\/uploads\/2024\/01\/loumar-300x300.png 300w, http:\/\/box5640.temp.domains\/~clickfoz\/wp-content\/uploads\/2024\/01\/loumar-150x150.png 150w, http:\/\/box5640.temp.domains\/~clickfoz\/wp-content\/uploads\/2024\/01\/loumar-768x768.png 768w\" sizes=\"(max-width: 800px) 100vw, 800px\" \/>\t\t\t\t\t\t\t\t\t\t\t\t\t\t\t<\/div>\n\t\t\t\t<\/div>\n\t\t\t\t<div class=\"elementor-element elementor-element-633cbaf elementor-widget elementor-widget-image\" data-id=\"633cbaf\" data-element_type=\"widget\" data-widget_type=\"image.default\">\n\t\t\t\t<div class=\"elementor-widget-container\">\n\t\t\t\t\t\t\t\t\t\t\t\t\t\t\t<img decoding=\"async\" width=\"800\" height=\"800\" src=\"http:\/\/box5640.temp.domains\/~clickfoz\/wp-content\/uploads\/2024\/01\/iguassu-city-tour-1.png\" class=\"attachment-large size-large wp-image-58438\" alt=\"\" srcset=\"http:\/\/box5640.temp.domains\/~clickfoz\/wp-content\/uploads\/2024\/01\/iguassu-city-tour-1.png 1024w, http:\/\/box5640.temp.domains\/~clickfoz\/wp-content\/uploads\/2024\/01\/iguassu-city-tour-1-300x300.png 300w, http:\/\/box5640.temp.domains\/~clickfoz\/wp-content\/uploads\/2024\/01\/iguassu-city-tour-1-150x150.png 150w, http:\/\/box5640.temp.domains\/~clickfoz\/wp-content\/uploads\/2024\/01\/iguassu-city-tour-1-768x768.png 768w\" sizes=\"(max-width: 800px) 100vw, 800px\" \/>\t\t\t\t\t\t\t\t\t\t\t\t\t\t\t<\/div>\n\t\t\t\t<\/div>\n\t\t\t\t<div class=\"elementor-element elementor-element-642bb25 elementor-widget elementor-widget-image\" data-id=\"642bb25\" data-element_type=\"widget\" data-widget_type=\"image.default\">\n\t\t\t\t<div class=\"elementor-widget-container\">\n\t\t\t\t\t\t\t\t\t\t\t\t\t\t\t<img decoding=\"async\" width=\"800\" height=\"800\" src=\"http:\/\/box5640.temp.domains\/~clickfoz\/wp-content\/uploads\/2024\/01\/ticket-loko.png\" class=\"attachment-large size-large wp-image-58437\" alt=\"\" srcset=\"http:\/\/box5640.temp.domains\/~clickfoz\/wp-content\/uploads\/2024\/01\/ticket-loko.png 1024w, http:\/\/box5640.temp.domains\/~clickfoz\/wp-content\/uploads\/2024\/01\/ticket-loko-300x300.png 300w, http:\/\/box5640.temp.domains\/~clickfoz\/wp-content\/uploads\/2024\/01\/ticket-loko-150x150.png 150w, http:\/\/box5640.temp.domains\/~clickfoz\/wp-content\/uploads\/2024\/01\/ticket-loko-768x768.png 768w\" sizes=\"(max-width: 800px) 100vw, 800px\" \/>\t\t\t\t\t\t\t\t\t\t\t\t\t\t\t<\/div>\n\t\t\t\t<\/div>\n\t\t\t\t<div class=\"elementor-element elementor-element-b1e9b52 elementor-widget elementor-widget-image\" data-id=\"b1e9b52\" data-element_type=\"widget\" data-widget_type=\"image.default\">\n\t\t\t\t<div class=\"elementor-widget-container\">\n\t\t\t\t\t\t\t\t\t\t\t\t\t\t\t<img loading=\"lazy\" decoding=\"async\" width=\"800\" height=\"800\" src=\"http:\/\/box5640.temp.domains\/~clickfoz\/wp-content\/uploads\/2024\/01\/cellshop.png\" class=\"attachment-large size-large wp-image-58439\" alt=\"\" srcset=\"http:\/\/box5640.temp.domains\/~clickfoz\/wp-content\/uploads\/2024\/01\/cellshop.png 1024w, http:\/\/box5640.temp.domains\/~clickfoz\/wp-content\/uploads\/2024\/01\/cellshop-300x300.png 300w, http:\/\/box5640.temp.domains\/~clickfoz\/wp-content\/uploads\/2024\/01\/cellshop-150x150.png 150w, http:\/\/box5640.temp.domains\/~clickfoz\/wp-content\/uploads\/2024\/01\/cellshop-768x768.png 768w\" sizes=\"(max-width: 800px) 100vw, 800px\" \/>\t\t\t\t\t\t\t\t\t\t\t\t\t\t\t<\/div>\n\t\t\t\t<\/div>\n\t\t\t\t<div class=\"elementor-element elementor-element-00d53c5 elementor-widget elementor-widget-image\" data-id=\"00d53c5\" data-element_type=\"widget\" data-widget_type=\"image.default\">\n\t\t\t\t<div class=\"elementor-widget-container\">\n\t\t\t\t\t\t\t\t\t\t\t\t\t\t\t<img loading=\"lazy\" decoding=\"async\" width=\"800\" height=\"800\" src=\"http:\/\/box5640.temp.domains\/~clickfoz\/wp-content\/uploads\/2024\/01\/lago-salemma.png\" class=\"attachment-large size-large wp-image-58446\" alt=\"\" srcset=\"http:\/\/box5640.temp.domains\/~clickfoz\/wp-content\/uploads\/2024\/01\/lago-salemma.png 1024w, http:\/\/box5640.temp.domains\/~clickfoz\/wp-content\/uploads\/2024\/01\/lago-salemma-300x300.png 300w, http:\/\/box5640.temp.domains\/~clickfoz\/wp-content\/uploads\/2024\/01\/lago-salemma-150x150.png 150w, http:\/\/box5640.temp.domains\/~clickfoz\/wp-content\/uploads\/2024\/01\/lago-salemma-768x768.png 768w\" sizes=\"(max-width: 800px) 100vw, 800px\" \/>\t\t\t\t\t\t\t\t\t\t\t\t\t\t\t<\/div>\n\t\t\t\t<\/div>\n\t\t\t\t<div class=\"elementor-element elementor-element-8698fa4 elementor-widget elementor-widget-image\" data-id=\"8698fa4\" data-element_type=\"widget\" data-widget_type=\"image.default\">\n\t\t\t\t<div class=\"elementor-widget-container\">\n\t\t\t\t\t\t\t\t\t\t\t\t\t\t\t<img loading=\"lazy\" decoding=\"async\" width=\"800\" height=\"800\" src=\"http:\/\/box5640.temp.domains\/~clickfoz\/wp-content\/uploads\/2024\/01\/itaipu.png\" class=\"attachment-large size-large wp-image-58448\" alt=\"\" srcset=\"http:\/\/box5640.temp.domains\/~clickfoz\/wp-content\/uploads\/2024\/01\/itaipu.png 1024w, http:\/\/box5640.temp.domains\/~clickfoz\/wp-content\/uploads\/2024\/01\/itaipu-300x300.png 300w, http:\/\/box5640.temp.domains\/~clickfoz\/wp-content\/uploads\/2024\/01\/itaipu-150x150.png 150w, http:\/\/box5640.temp.domains\/~clickfoz\/wp-content\/uploads\/2024\/01\/itaipu-768x768.png 768w\" sizes=\"(max-width: 800px) 100vw, 800px\" \/>\t\t\t\t\t\t\t\t\t\t\t\t\t\t\t<\/div>\n\t\t\t\t<\/div>\n\t\t\t\t\t<\/div>\n\t\t\t\t<\/div>\n\t\t<div class=\"elementor-element elementor-element-36fc995 e-flex e-con-boxed e-con e-parent\" data-id=\"36fc995\" data-element_type=\"container\">\n\t\t\t\t\t<div class=\"e-con-inner\">\n\t\t\t\t<div class=\"elementor-element elementor-element-5ec2ccc elementor-widget-divider--view-line elementor-widget elementor-widget-divider\" data-id=\"5ec2ccc\" data-element_type=\"widget\" data-widget_type=\"divider.default\">\n\t\t\t\t<div class=\"elementor-widget-container\">\n\t\t\t\t\t\t\t<div class=\"elementor-divider\">\n\t\t\t<span class=\"elementor-divider-separator\">\n\t\t\t\t\t\t<\/span>\n\t\t<\/div>\n\t\t\t\t\t\t<\/div>\n\t\t\t\t<\/div>\n\t\t\t\t\t<\/div>\n\t\t\t\t<\/div>\n\t\t\t\t<\/div>\n\t\t","protected":false},"excerpt":{"rendered":"<p>Conecte a sua marca com o Clickfoz.com, o portal de not\u00edcias mais acessado de Foz do Igua\u00e7u e regi\u00e3o trinacional 2.000 pessoas no canal do Telegram 9.500 seguidores no Instagram 45.000 curtidas no Facebook 100.000 pages views \/m\u00eas Solicite o m\u00eddia kit atualizado Confira algumas marcas parceiras do Clickfoz.com<\/p>\n","protected":false},"author":11,"featured_media":0,"parent":0,"menu_order":0,"comment_status":"closed","ping_status":"closed","template":"","meta":{"footnotes":""},"class_list":["post-20244","page","type-page","status-publish","hentry"],"yoast_head":"<!-- This site is optimized with the Yoast SEO plugin v25.2 - https:\/\/yoast.com\/wordpress\/plugins\/seo\/ -->\n<title>Anuncie conosco - Clickfoz<\/title>\n<meta name=\"robots\" content=\"index, follow, max-snippet:-1, max-image-preview:large, max-video-preview:-1\" \/>\n<link rel=\"canonical\" href=\"http:\/\/box5640.temp.domains\/~clickfoz\/anuncie-conosco\/\" \/>\n<meta property=\"og:locale\" content=\"pt_BR\" \/>\n<meta property=\"og:type\" content=\"article\" \/>\n<meta property=\"og:title\" content=\"Anuncie conosco - Clickfoz\" \/>\n<meta property=\"og:description\" content=\"Conecte a sua marca com o Clickfoz.com, o portal de not\u00edcias mais acessado de Foz do Igua\u00e7u e regi\u00e3o trinacional 2.000 pessoas no canal do Telegram 9.500 seguidores no Instagram 45.000 curtidas no Facebook 100.000 pages views \/m\u00eas Solicite o m\u00eddia kit atualizado Confira algumas marcas parceiras do Clickfoz.com\" \/>\n<meta property=\"og:url\" content=\"http:\/\/box5640.temp.domains\/~clickfoz\/anuncie-conosco\/\" \/>\n<meta property=\"og:site_name\" content=\"Clickfoz\" \/>\n<meta property=\"article:publisher\" content=\"https:\/\/facebook.com\/clickfoz\" \/>\n<meta property=\"article:modified_time\" content=\"2024-01-16T16:12:46+00:00\" \/>\n<meta property=\"og:image\" content=\"https:\/\/www.clickfozdoiguacu.com.br\/wp-content\/uploads\/2024\/01\/loumar.png\" \/>\n<meta name=\"twitter:card\" content=\"summary_large_image\" \/>\n<meta name=\"twitter:site\" content=\"@clickfoz\" \/>\n<script type=\"application\/ld+json\" class=\"yoast-schema-graph\">{\"@context\":\"https:\/\/schema.org\",\"@graph\":[{\"@type\":\"WebPage\",\"@id\":\"http:\/\/box5640.temp.domains\/~clickfoz\/anuncie-conosco\/\",\"url\":\"http:\/\/box5640.temp.domains\/~clickfoz\/anuncie-conosco\/\",\"name\":\"Anuncie conosco - Clickfoz\",\"isPartOf\":{\"@id\":\"https:\/\/box5640.temp.domains\/~clickfoz\/#website\"},\"primaryImageOfPage\":{\"@id\":\"http:\/\/box5640.temp.domains\/~clickfoz\/anuncie-conosco\/#primaryimage\"},\"image\":{\"@id\":\"http:\/\/box5640.temp.domains\/~clickfoz\/anuncie-conosco\/#primaryimage\"},\"thumbnailUrl\":\"https:\/\/www.clickfozdoiguacu.com.br\/wp-content\/uploads\/2024\/01\/loumar.png\",\"datePublished\":\"2016-09-21T18:40:14+00:00\",\"dateModified\":\"2024-01-16T16:12:46+00:00\",\"breadcrumb\":{\"@id\":\"http:\/\/box5640.temp.domains\/~clickfoz\/anuncie-conosco\/#breadcrumb\"},\"inLanguage\":\"pt-BR\",\"potentialAction\":[{\"@type\":\"ReadAction\",\"target\":[\"http:\/\/box5640.temp.domains\/~clickfoz\/anuncie-conosco\/\"]}]},{\"@type\":\"ImageObject\",\"inLanguage\":\"pt-BR\",\"@id\":\"http:\/\/box5640.temp.domains\/~clickfoz\/anuncie-conosco\/#primaryimage\",\"url\":\"https:\/\/www.clickfozdoiguacu.com.br\/wp-content\/uploads\/2024\/01\/loumar.png\",\"contentUrl\":\"https:\/\/www.clickfozdoiguacu.com.br\/wp-content\/uploads\/2024\/01\/loumar.png\"},{\"@type\":\"BreadcrumbList\",\"@id\":\"http:\/\/box5640.temp.domains\/~clickfoz\/anuncie-conosco\/#breadcrumb\",\"itemListElement\":[{\"@type\":\"ListItem\",\"position\":1,\"name\":\"Home\",\"item\":\"http:\/\/box5640.temp.domains\/~clickfoz\/\"},{\"@type\":\"ListItem\",\"position\":2,\"name\":\"Anuncie conosco\"}]},{\"@type\":\"WebSite\",\"@id\":\"https:\/\/box5640.temp.domains\/~clickfoz\/#website\",\"url\":\"https:\/\/box5640.temp.domains\/~clickfoz\/\",\"name\":\"Click Foz do Igua\u00e7u\",\"description\":\"O portal de not\u00edcias de Foz do Igua\u00e7u\",\"publisher\":{\"@id\":\"https:\/\/box5640.temp.domains\/~clickfoz\/#organization\"},\"potentialAction\":[{\"@type\":\"SearchAction\",\"target\":{\"@type\":\"EntryPoint\",\"urlTemplate\":\"https:\/\/box5640.temp.domains\/~clickfoz\/?s={search_term_string}\"},\"query-input\":{\"@type\":\"PropertyValueSpecification\",\"valueRequired\":true,\"valueName\":\"search_term_string\"}}],\"inLanguage\":\"pt-BR\"},{\"@type\":\"Organization\",\"@id\":\"https:\/\/box5640.temp.domains\/~clickfoz\/#organization\",\"name\":\"Clickfoz - Portal de Not\u00edcias de Foz do Igua\u00e7i\",\"url\":\"https:\/\/box5640.temp.domains\/~clickfoz\/\",\"logo\":{\"@type\":\"ImageObject\",\"inLanguage\":\"pt-BR\",\"@id\":\"https:\/\/box5640.temp.domains\/~clickfoz\/#\/schema\/logo\/image\/\",\"url\":\"http:\/\/box5640.temp.domains\/~clickfoz\/wp-content\/uploads\/2019\/04\/clickfoz-mini-logo-green-mouse-190x65.png\",\"contentUrl\":\"http:\/\/box5640.temp.domains\/~clickfoz\/wp-content\/uploads\/2019\/04\/clickfoz-mini-logo-green-mouse-190x65.png\",\"width\":190,\"height\":65,\"caption\":\"Clickfoz - Portal de Not\u00edcias de Foz do Igua\u00e7i\"},\"image\":{\"@id\":\"https:\/\/box5640.temp.domains\/~clickfoz\/#\/schema\/logo\/image\/\"},\"sameAs\":[\"https:\/\/facebook.com\/clickfoz\",\"https:\/\/x.com\/clickfoz\",\"https:\/\/www.instagram.com\/clickfoz\"]}]}<\/script>\n<!-- \/ Yoast SEO plugin. -->","yoast_head_json":{"title":"Anuncie conosco - Clickfoz","robots":{"index":"index","follow":"follow","max-snippet":"max-snippet:-1","max-image-preview":"max-image-preview:large","max-video-preview":"max-video-preview:-1"},"canonical":"http:\/\/box5640.temp.domains\/~clickfoz\/anuncie-conosco\/","og_locale":"pt_BR","og_type":"article","og_title":"Anuncie conosco - Clickfoz","og_description":"Conecte a sua marca com o Clickfoz.com, o portal de not\u00edcias mais acessado de Foz do Igua\u00e7u e regi\u00e3o trinacional 2.000 pessoas no canal do Telegram 9.500 seguidores no Instagram 45.000 curtidas no Facebook 100.000 pages views \/m\u00eas Solicite o m\u00eddia kit atualizado Confira algumas marcas parceiras do Clickfoz.com","og_url":"http:\/\/box5640.temp.domains\/~clickfoz\/anuncie-conosco\/","og_site_name":"Clickfoz","article_publisher":"https:\/\/facebook.com\/clickfoz","article_modified_time":"2024-01-16T16:12:46+00:00","og_image":[{"url":"https:\/\/www.clickfozdoiguacu.com.br\/wp-content\/uploads\/2024\/01\/loumar.png","type":"","width":"","height":""}],"twitter_card":"summary_large_image","twitter_site":"@clickfoz","schema":{"@context":"https:\/\/schema.org","@graph":[{"@type":"WebPage","@id":"http:\/\/box5640.temp.domains\/~clickfoz\/anuncie-conosco\/","url":"http:\/\/box5640.temp.domains\/~clickfoz\/anuncie-conosco\/","name":"Anuncie conosco - Clickfoz","isPartOf":{"@id":"https:\/\/box5640.temp.domains\/~clickfoz\/#website"},"primaryImageOfPage":{"@id":"http:\/\/box5640.temp.domains\/~clickfoz\/anuncie-conosco\/#primaryimage"},"image":{"@id":"http:\/\/box5640.temp.domains\/~clickfoz\/anuncie-conosco\/#primaryimage"},"thumbnailUrl":"https:\/\/www.clickfozdoiguacu.com.br\/wp-content\/uploads\/2024\/01\/loumar.png","datePublished":"2016-09-21T18:40:14+00:00","dateModified":"2024-01-16T16:12:46+00:00","breadcrumb":{"@id":"http:\/\/box5640.temp.domains\/~clickfoz\/anuncie-conosco\/#breadcrumb"},"inLanguage":"pt-BR","potentialAction":[{"@type":"ReadAction","target":["http:\/\/box5640.temp.domains\/~clickfoz\/anuncie-conosco\/"]}]},{"@type":"ImageObject","inLanguage":"pt-BR","@id":"http:\/\/box5640.temp.domains\/~clickfoz\/anuncie-conosco\/#primaryimage","url":"https:\/\/www.clickfozdoiguacu.com.br\/wp-content\/uploads\/2024\/01\/loumar.png","contentUrl":"https:\/\/www.clickfozdoiguacu.com.br\/wp-content\/uploads\/2024\/01\/loumar.png"},{"@type":"BreadcrumbList","@id":"http:\/\/box5640.temp.domains\/~clickfoz\/anuncie-conosco\/#breadcrumb","itemListElement":[{"@type":"ListItem","position":1,"name":"Home","item":"http:\/\/box5640.temp.domains\/~clickfoz\/"},{"@type":"ListItem","position":2,"name":"Anuncie conosco"}]},{"@type":"WebSite","@id":"https:\/\/box5640.temp.domains\/~clickfoz\/#website","url":"https:\/\/box5640.temp.domains\/~clickfoz\/","name":"Click Foz do Igua\u00e7u","description":"O portal de not\u00edcias de Foz do Igua\u00e7u","publisher":{"@id":"https:\/\/box5640.temp.domains\/~clickfoz\/#organization"},"potentialAction":[{"@type":"SearchAction","target":{"@type":"EntryPoint","urlTemplate":"https:\/\/box5640.temp.domains\/~clickfoz\/?s={search_term_string}"},"query-input":{"@type":"PropertyValueSpecification","valueRequired":true,"valueName":"search_term_string"}}],"inLanguage":"pt-BR"},{"@type":"Organization","@id":"https:\/\/box5640.temp.domains\/~clickfoz\/#organization","name":"Clickfoz - Portal de Not\u00edcias de Foz do Igua\u00e7i","url":"https:\/\/box5640.temp.domains\/~clickfoz\/","logo":{"@type":"ImageObject","inLanguage":"pt-BR","@id":"https:\/\/box5640.temp.domains\/~clickfoz\/#\/schema\/logo\/image\/","url":"http:\/\/box5640.temp.domains\/~clickfoz\/wp-content\/uploads\/2019\/04\/clickfoz-mini-logo-green-mouse-190x65.png","contentUrl":"http:\/\/box5640.temp.domains\/~clickfoz\/wp-content\/uploads\/2019\/04\/clickfoz-mini-logo-green-mouse-190x65.png","width":190,"height":65,"caption":"Clickfoz - Portal de Not\u00edcias de Foz do Igua\u00e7i"},"image":{"@id":"https:\/\/box5640.temp.domains\/~clickfoz\/#\/schema\/logo\/image\/"},"sameAs":["https:\/\/facebook.com\/clickfoz","https:\/\/x.com\/clickfoz","https:\/\/www.instagram.com\/clickfoz"]}]}},"_links":{"self":[{"href":"http:\/\/box5640.temp.domains\/~clickfoz\/wp-json\/wp\/v2\/pages\/20244","targetHints":{"allow":["GET"]}}],"collection":[{"href":"http:\/\/box5640.temp.domains\/~clickfoz\/wp-json\/wp\/v2\/pages"}],"about":[{"href":"http:\/\/box5640.temp.domains\/~clickfoz\/wp-json\/wp\/v2\/types\/page"}],"author":[{"embeddable":true,"href":"http:\/\/box5640.temp.domains\/~clickfoz\/wp-json\/wp\/v2\/users\/11"}],"replies":[{"embeddable":true,"href":"http:\/\/box5640.temp.domains\/~clickfoz\/wp-json\/wp\/v2\/comments?post=20244"}],"version-history":[{"count":31,"href":"http:\/\/box5640.temp.domains\/~clickfoz\/wp-json\/wp\/v2\/pages\/20244\/revisions"}],"predecessor-version":[{"id":58707,"href":"http:\/\/box5640.temp.domains\/~clickfoz\/wp-json\/wp\/v2\/pages\/20244\/revisions\/58707"}],"wp:attachment":[{"href":"http:\/\/box5640.temp.domains\/~clickfoz\/wp-json\/wp\/v2\/media?parent=20244"}],"curies":[{"name":"wp","href":"https:\/\/api.w.org\/{rel}","templated":true}]}}