{"id":20170,"date":"2019-01-17T11:35:50","date_gmt":"2019-01-17T11:35:50","guid":{"rendered":"http:\/\/foziguacu.com\/?page_id=20170"},"modified":"2025-08-04T09:43:40","modified_gmt":"2025-08-04T12:43:40","slug":"cotacao","status":"publish","type":"page","link":"http:\/\/box5640.temp.domains\/~clickfoz\/cotacao\/","title":{"rendered":"Cota\u00e7\u00e3o do C\u00e2mbio em Foz do Igua\u00e7u"},"content":{"rendered":"\n<p class=\"has-text-align-center\"><strong>D\u00d3LAR<\/strong><br>Compramos: 5,25<br>Vendemos: 5,70<\/p>\n\n\n\n<p class=\"has-text-align-center\"><strong>PESO<\/strong><br>Compramos: R$ 1 = P$ 294<br>Vendemos: R$ 1 = P$ 229<\/p>\n\n\n\n<p class=\"has-text-align-center\"><strong>GUARANI<\/strong><br>Compramos: G$ 1.420<br>Vendemos: G$ 1.280<\/p>\n\n\n\n<p class=\"has-text-align-center\"><strong>EURO<\/strong><br>Compramos: R$ 6,25<br>Vendemos: R$ 6,80<\/p>\n\n\n\n<p class=\"\">Cota\u00e7\u00f5es sujeitas a altera\u00e7\u00e3o sem aviso pr\u00e9vio. Para consultar o valor atualizado. <a href=\"https:\/\/www.scappinicambio.com.br\/\">Verifique o site clicando aqui<\/a>. <\/p>\n\n\n\n<p class=\"has-text-align-left\"><strong>Fonte<\/strong>:<br><strong>Scappini C\u00e2mbio<\/strong> em Foz do Igua\u00e7u<br>Telefone: (45) 3523-1616 <br><a href=\"https:\/\/wa.me\/554535231616\">WhatsApp<\/a><br><a href=\"https:\/\/www.scappinicambio.com.br\/\">Site<\/a><br><br><em><b>\u00daltima atualiza\u00e7\u00e3o <\/b>&#8211; 04\/08\/2025<\/em><\/p>\n\n\n\n<p class=\"\"><strong>Scappini C\u00e2mbio Matriz<\/strong><br>R. Jorge Sanwaiss, 791 &#8211; Centro. <br>Segunda a sexta das 08h \u00e0s 18h. S\u00e1bado das 08h30 \u00e0s 12h.<\/p>\n\n\n\n<figure class=\"wp-block-image size-large\"><a href=\"http:\/\/clickfoz.com\/cartaverde\"><img fetchpriority=\"high\" decoding=\"async\" width=\"1024\" height=\"205\" src=\"https:\/\/www.clickfozdoiguacu.com.br\/wp-content\/uploads\/2024\/02\/Seguro-carta-verde-para-argentina-1024x205.jpg\" alt=\"\" class=\"wp-image-59055\" srcset=\"http:\/\/box5640.temp.domains\/~clickfoz\/wp-content\/uploads\/2024\/02\/Seguro-carta-verde-para-argentina-1024x205.jpg 1024w, http:\/\/box5640.temp.domains\/~clickfoz\/wp-content\/uploads\/2024\/02\/Seguro-carta-verde-para-argentina-300x60.jpg 300w, http:\/\/box5640.temp.domains\/~clickfoz\/wp-content\/uploads\/2024\/02\/Seguro-carta-verde-para-argentina-768x154.jpg 768w, http:\/\/box5640.temp.domains\/~clickfoz\/wp-content\/uploads\/2024\/02\/Seguro-carta-verde-para-argentina.jpg 1500w\" sizes=\"(max-width: 1024px) 100vw, 1024px\" \/><\/a><\/figure>\n","protected":false},"excerpt":{"rendered":"<p>D\u00d3LARCompramos: 5,25Vendemos: 5,70 PESOCompramos: R$ 1 = P$ 294Vendemos: R$ 1 = P$ 229 GUARANICompramos: G$ 1.420Vendemos: G$ 1.280 EUROCompramos: R$ 6,25Vendemos: R$ 6,80 Cota\u00e7\u00f5es sujeitas a altera\u00e7\u00e3o sem aviso pr\u00e9vio. Para consultar o valor atualizado. Verifique o site clicando aqui. Fonte:Scappini C\u00e2mbio em Foz do Igua\u00e7uTelefone: (45) 3523-1616 WhatsAppSite \u00daltima atualiza\u00e7\u00e3o &#8211; 04\/08\/2025 Scappini [&hellip;]<\/p>\n","protected":false},"author":11,"featured_media":62920,"parent":0,"menu_order":0,"comment_status":"closed","ping_status":"closed","template":"","meta":{"footnotes":""},"class_list":["post-20170","page","type-page","status-publish","has-post-thumbnail","hentry"],"yoast_head":"<!-- This site is optimized with the Yoast SEO plugin v25.2 - https:\/\/yoast.com\/wordpress\/plugins\/seo\/ -->\n<title>Cota\u00e7\u00e3o do C\u00e2mbio em Foz do Igua\u00e7u - Clickfoz<\/title>\n<meta name=\"description\" content=\"Confira a cota\u00e7\u00e3o das moedas d\u00f3lar, peso, guarani e euro e se programe na fronteira. Fonte: Atlas C\u00e2mbio e Turismo em Foz do Igua\u00e7u.\" \/>\n<meta name=\"robots\" content=\"index, follow, max-snippet:-1, max-image-preview:large, max-video-preview:-1\" \/>\n<link rel=\"canonical\" href=\"http:\/\/box5640.temp.domains\/~clickfoz\/cotacao\/\" \/>\n<meta property=\"og:locale\" content=\"pt_BR\" \/>\n<meta property=\"og:type\" content=\"article\" \/>\n<meta property=\"og:title\" content=\"Cota\u00e7\u00e3o do C\u00e2mbio em Foz do Igua\u00e7u - Clickfoz\" \/>\n<meta property=\"og:description\" content=\"Confira a cota\u00e7\u00e3o das moedas d\u00f3lar, peso, guarani e euro e se programe na fronteira. Fonte: Atlas C\u00e2mbio e Turismo em Foz do Igua\u00e7u.\" \/>\n<meta property=\"og:url\" content=\"http:\/\/box5640.temp.domains\/~clickfoz\/cotacao\/\" \/>\n<meta property=\"og:site_name\" content=\"Clickfoz\" \/>\n<meta property=\"article:publisher\" content=\"https:\/\/facebook.com\/clickfoz\" \/>\n<meta property=\"article:modified_time\" content=\"2025-08-04T12:43:40+00:00\" \/>\n<meta property=\"og:image\" content=\"http:\/\/box5640.temp.domains\/~clickfoz\/wp-content\/uploads\/2025\/02\/scappini-para-clickfoz-1024x683.png\" \/>\n\t<meta property=\"og:image:width\" content=\"1024\" \/>\n\t<meta property=\"og:image:height\" content=\"683\" \/>\n\t<meta property=\"og:image:type\" content=\"image\/png\" \/>\n<meta name=\"twitter:card\" content=\"summary_large_image\" \/>\n<meta name=\"twitter:site\" content=\"@clickfoz\" \/>\n<meta name=\"twitter:label1\" content=\"Est. tempo de leitura\" \/>\n\t<meta name=\"twitter:data1\" content=\"1 minuto\" \/>\n<script type=\"application\/ld+json\" class=\"yoast-schema-graph\">{\"@context\":\"https:\/\/schema.org\",\"@graph\":[{\"@type\":\"WebPage\",\"@id\":\"http:\/\/box5640.temp.domains\/~clickfoz\/cotacao\/\",\"url\":\"http:\/\/box5640.temp.domains\/~clickfoz\/cotacao\/\",\"name\":\"Cota\u00e7\u00e3o do C\u00e2mbio em Foz do Igua\u00e7u - Clickfoz\",\"isPartOf\":{\"@id\":\"https:\/\/box5640.temp.domains\/~clickfoz\/#website\"},\"primaryImageOfPage\":{\"@id\":\"http:\/\/box5640.temp.domains\/~clickfoz\/cotacao\/#primaryimage\"},\"image\":{\"@id\":\"http:\/\/box5640.temp.domains\/~clickfoz\/cotacao\/#primaryimage\"},\"thumbnailUrl\":\"http:\/\/box5640.temp.domains\/~clickfoz\/wp-content\/uploads\/2025\/02\/scappini-para-clickfoz.png\",\"datePublished\":\"2019-01-17T11:35:50+00:00\",\"dateModified\":\"2025-08-04T12:43:40+00:00\",\"description\":\"Confira a cota\u00e7\u00e3o das moedas d\u00f3lar, peso, guarani e euro e se programe na fronteira. Fonte: Atlas C\u00e2mbio e Turismo em Foz do Igua\u00e7u.\",\"breadcrumb\":{\"@id\":\"http:\/\/box5640.temp.domains\/~clickfoz\/cotacao\/#breadcrumb\"},\"inLanguage\":\"pt-BR\",\"potentialAction\":[{\"@type\":\"ReadAction\",\"target\":[\"http:\/\/box5640.temp.domains\/~clickfoz\/cotacao\/\"]}]},{\"@type\":\"ImageObject\",\"inLanguage\":\"pt-BR\",\"@id\":\"http:\/\/box5640.temp.domains\/~clickfoz\/cotacao\/#primaryimage\",\"url\":\"http:\/\/box5640.temp.domains\/~clickfoz\/wp-content\/uploads\/2025\/02\/scappini-para-clickfoz.png\",\"contentUrl\":\"http:\/\/box5640.temp.domains\/~clickfoz\/wp-content\/uploads\/2025\/02\/scappini-para-clickfoz.png\",\"width\":5184,\"height\":3456},{\"@type\":\"BreadcrumbList\",\"@id\":\"http:\/\/box5640.temp.domains\/~clickfoz\/cotacao\/#breadcrumb\",\"itemListElement\":[{\"@type\":\"ListItem\",\"position\":1,\"name\":\"Home\",\"item\":\"http:\/\/box5640.temp.domains\/~clickfoz\/\"},{\"@type\":\"ListItem\",\"position\":2,\"name\":\"Cota\u00e7\u00e3o do C\u00e2mbio em Foz do Igua\u00e7u\"}]},{\"@type\":\"WebSite\",\"@id\":\"https:\/\/box5640.temp.domains\/~clickfoz\/#website\",\"url\":\"https:\/\/box5640.temp.domains\/~clickfoz\/\",\"name\":\"Click Foz do Igua\u00e7u\",\"description\":\"O portal de not\u00edcias de Foz do Igua\u00e7u\",\"publisher\":{\"@id\":\"https:\/\/box5640.temp.domains\/~clickfoz\/#organization\"},\"potentialAction\":[{\"@type\":\"SearchAction\",\"target\":{\"@type\":\"EntryPoint\",\"urlTemplate\":\"https:\/\/box5640.temp.domains\/~clickfoz\/?s={search_term_string}\"},\"query-input\":{\"@type\":\"PropertyValueSpecification\",\"valueRequired\":true,\"valueName\":\"search_term_string\"}}],\"inLanguage\":\"pt-BR\"},{\"@type\":\"Organization\",\"@id\":\"https:\/\/box5640.temp.domains\/~clickfoz\/#organization\",\"name\":\"Clickfoz - Portal de Not\u00edcias de Foz do Igua\u00e7i\",\"url\":\"https:\/\/box5640.temp.domains\/~clickfoz\/\",\"logo\":{\"@type\":\"ImageObject\",\"inLanguage\":\"pt-BR\",\"@id\":\"https:\/\/box5640.temp.domains\/~clickfoz\/#\/schema\/logo\/image\/\",\"url\":\"http:\/\/box5640.temp.domains\/~clickfoz\/wp-content\/uploads\/2019\/04\/clickfoz-mini-logo-green-mouse-190x65.png\",\"contentUrl\":\"http:\/\/box5640.temp.domains\/~clickfoz\/wp-content\/uploads\/2019\/04\/clickfoz-mini-logo-green-mouse-190x65.png\",\"width\":190,\"height\":65,\"caption\":\"Clickfoz - Portal de Not\u00edcias de Foz do Igua\u00e7i\"},\"image\":{\"@id\":\"https:\/\/box5640.temp.domains\/~clickfoz\/#\/schema\/logo\/image\/\"},\"sameAs\":[\"https:\/\/facebook.com\/clickfoz\",\"https:\/\/x.com\/clickfoz\",\"https:\/\/www.instagram.com\/clickfoz\"]}]}<\/script>\n<!-- \/ Yoast SEO plugin. -->","yoast_head_json":{"title":"Cota\u00e7\u00e3o do C\u00e2mbio em Foz do Igua\u00e7u - Clickfoz","description":"Confira a cota\u00e7\u00e3o das moedas d\u00f3lar, peso, guarani e euro e se programe na fronteira. Fonte: Atlas C\u00e2mbio e Turismo em Foz do Igua\u00e7u.","robots":{"index":"index","follow":"follow","max-snippet":"max-snippet:-1","max-image-preview":"max-image-preview:large","max-video-preview":"max-video-preview:-1"},"canonical":"http:\/\/box5640.temp.domains\/~clickfoz\/cotacao\/","og_locale":"pt_BR","og_type":"article","og_title":"Cota\u00e7\u00e3o do C\u00e2mbio em Foz do Igua\u00e7u - Clickfoz","og_description":"Confira a cota\u00e7\u00e3o das moedas d\u00f3lar, peso, guarani e euro e se programe na fronteira. Fonte: Atlas C\u00e2mbio e Turismo em Foz do Igua\u00e7u.","og_url":"http:\/\/box5640.temp.domains\/~clickfoz\/cotacao\/","og_site_name":"Clickfoz","article_publisher":"https:\/\/facebook.com\/clickfoz","article_modified_time":"2025-08-04T12:43:40+00:00","og_image":[{"width":1024,"height":683,"url":"http:\/\/box5640.temp.domains\/~clickfoz\/wp-content\/uploads\/2025\/02\/scappini-para-clickfoz-1024x683.png","type":"image\/png"}],"twitter_card":"summary_large_image","twitter_site":"@clickfoz","twitter_misc":{"Est. tempo de leitura":"1 minuto"},"schema":{"@context":"https:\/\/schema.org","@graph":[{"@type":"WebPage","@id":"http:\/\/box5640.temp.domains\/~clickfoz\/cotacao\/","url":"http:\/\/box5640.temp.domains\/~clickfoz\/cotacao\/","name":"Cota\u00e7\u00e3o do C\u00e2mbio em Foz do Igua\u00e7u - Clickfoz","isPartOf":{"@id":"https:\/\/box5640.temp.domains\/~clickfoz\/#website"},"primaryImageOfPage":{"@id":"http:\/\/box5640.temp.domains\/~clickfoz\/cotacao\/#primaryimage"},"image":{"@id":"http:\/\/box5640.temp.domains\/~clickfoz\/cotacao\/#primaryimage"},"thumbnailUrl":"http:\/\/box5640.temp.domains\/~clickfoz\/wp-content\/uploads\/2025\/02\/scappini-para-clickfoz.png","datePublished":"2019-01-17T11:35:50+00:00","dateModified":"2025-08-04T12:43:40+00:00","description":"Confira a cota\u00e7\u00e3o das moedas d\u00f3lar, peso, guarani e euro e se programe na fronteira. Fonte: Atlas C\u00e2mbio e Turismo em Foz do Igua\u00e7u.","breadcrumb":{"@id":"http:\/\/box5640.temp.domains\/~clickfoz\/cotacao\/#breadcrumb"},"inLanguage":"pt-BR","potentialAction":[{"@type":"ReadAction","target":["http:\/\/box5640.temp.domains\/~clickfoz\/cotacao\/"]}]},{"@type":"ImageObject","inLanguage":"pt-BR","@id":"http:\/\/box5640.temp.domains\/~clickfoz\/cotacao\/#primaryimage","url":"http:\/\/box5640.temp.domains\/~clickfoz\/wp-content\/uploads\/2025\/02\/scappini-para-clickfoz.png","contentUrl":"http:\/\/box5640.temp.domains\/~clickfoz\/wp-content\/uploads\/2025\/02\/scappini-para-clickfoz.png","width":5184,"height":3456},{"@type":"BreadcrumbList","@id":"http:\/\/box5640.temp.domains\/~clickfoz\/cotacao\/#breadcrumb","itemListElement":[{"@type":"ListItem","position":1,"name":"Home","item":"http:\/\/box5640.temp.domains\/~clickfoz\/"},{"@type":"ListItem","position":2,"name":"Cota\u00e7\u00e3o do C\u00e2mbio em Foz do Igua\u00e7u"}]},{"@type":"WebSite","@id":"https:\/\/box5640.temp.domains\/~clickfoz\/#website","url":"https:\/\/box5640.temp.domains\/~clickfoz\/","name":"Click Foz do Igua\u00e7u","description":"O portal de not\u00edcias de Foz do Igua\u00e7u","publisher":{"@id":"https:\/\/box5640.temp.domains\/~clickfoz\/#organization"},"potentialAction":[{"@type":"SearchAction","target":{"@type":"EntryPoint","urlTemplate":"https:\/\/box5640.temp.domains\/~clickfoz\/?s={search_term_string}"},"query-input":{"@type":"PropertyValueSpecification","valueRequired":true,"valueName":"search_term_string"}}],"inLanguage":"pt-BR"},{"@type":"Organization","@id":"https:\/\/box5640.temp.domains\/~clickfoz\/#organization","name":"Clickfoz - Portal de Not\u00edcias de Foz do Igua\u00e7i","url":"https:\/\/box5640.temp.domains\/~clickfoz\/","logo":{"@type":"ImageObject","inLanguage":"pt-BR","@id":"https:\/\/box5640.temp.domains\/~clickfoz\/#\/schema\/logo\/image\/","url":"http:\/\/box5640.temp.domains\/~clickfoz\/wp-content\/uploads\/2019\/04\/clickfoz-mini-logo-green-mouse-190x65.png","contentUrl":"http:\/\/box5640.temp.domains\/~clickfoz\/wp-content\/uploads\/2019\/04\/clickfoz-mini-logo-green-mouse-190x65.png","width":190,"height":65,"caption":"Clickfoz - Portal de Not\u00edcias de Foz do Igua\u00e7i"},"image":{"@id":"https:\/\/box5640.temp.domains\/~clickfoz\/#\/schema\/logo\/image\/"},"sameAs":["https:\/\/facebook.com\/clickfoz","https:\/\/x.com\/clickfoz","https:\/\/www.instagram.com\/clickfoz"]}]}},"_links":{"self":[{"href":"http:\/\/box5640.temp.domains\/~clickfoz\/wp-json\/wp\/v2\/pages\/20170","targetHints":{"allow":["GET"]}}],"collection":[{"href":"http:\/\/box5640.temp.domains\/~clickfoz\/wp-json\/wp\/v2\/pages"}],"about":[{"href":"http:\/\/box5640.temp.domains\/~clickfoz\/wp-json\/wp\/v2\/types\/page"}],"author":[{"embeddable":true,"href":"http:\/\/box5640.temp.domains\/~clickfoz\/wp-json\/wp\/v2\/users\/11"}],"replies":[{"embeddable":true,"href":"http:\/\/box5640.temp.domains\/~clickfoz\/wp-json\/wp\/v2\/comments?post=20170"}],"version-history":[{"count":19,"href":"http:\/\/box5640.temp.domains\/~clickfoz\/wp-json\/wp\/v2\/pages\/20170\/revisions"}],"predecessor-version":[{"id":65318,"href":"http:\/\/box5640.temp.domains\/~clickfoz\/wp-json\/wp\/v2\/pages\/20170\/revisions\/65318"}],"wp:featuredmedia":[{"embeddable":true,"href":"http:\/\/box5640.temp.domains\/~clickfoz\/wp-json\/wp\/v2\/media\/62920"}],"wp:attachment":[{"href":"http:\/\/box5640.temp.domains\/~clickfoz\/wp-json\/wp\/v2\/media?parent=20170"}],"curies":[{"name":"wp","href":"https:\/\/api.w.org\/{rel}","templated":true}]}}