{"id":20167,"date":"2019-01-17T11:15:27","date_gmt":"2019-01-17T11:15:27","guid":{"rendered":"http:\/\/foziguacu.com\/?page_id=20167"},"modified":"2020-03-12T17:22:34","modified_gmt":"2020-03-12T20:22:34","slug":"cinema-em-foz-do-iguacu","status":"publish","type":"page","link":"http:\/\/box5640.temp.domains\/~clickfoz\/cinema-em-foz-do-iguacu\/","title":{"rendered":"Cinema em Foz do Igua\u00e7u"},"content":{"rendered":"<p class=\"p1\"><img fetchpriority=\"high\" decoding=\"async\" class=\"aligncenter size-full wp-image-38472\" src=\"https:\/\/www.clickfozdoiguacu.com.br\/wp-content\/uploads\/2019\/01\/banner-cinemark.jpg\" alt=\"\" width=\"849\" height=\"134\" srcset=\"http:\/\/box5640.temp.domains\/~clickfoz\/wp-content\/uploads\/2019\/01\/banner-cinemark.jpg 849w, http:\/\/box5640.temp.domains\/~clickfoz\/wp-content\/uploads\/2019\/01\/banner-cinemark-300x47.jpg 300w, http:\/\/box5640.temp.domains\/~clickfoz\/wp-content\/uploads\/2019\/01\/banner-cinemark-768x121.jpg 768w\" sizes=\"(max-width: 849px) 100vw, 849px\" \/><\/p>\n<p><strong><span class=\"s1\"><b>Filmes em cartaz de 12\/03\/2020<\/b><\/span><span class=\"s2\"><b> a 18\/03\/2020<\/b><\/span><\/strong><\/p>\n<p><span style=\"text-decoration: underline;\"><strong>A Maldi\u00e7\u00e3o do Espelho<\/strong><\/span><br \/>\nSala 1: 16h, 18h, 20h e 22h &#8211; quinta, sexta, segunda e ter\u00e7a (dublado)<br \/>\nSala 1: 13h20, 15h20, 17h20, 19h20 e 21h20 &#8211; s\u00e1bado e domingo (dublado)<br \/>\nSala 1: 15h40, 17h50, 19h50 e 21h50 &#8211; quarta (dublado)<\/p>\n<p><span style=\"text-decoration: underline;\"><strong>Aprendiz de Espi\u00e3<\/strong><\/span><br \/>\nSala 4: 14h25 e 16h40 &#8211; quinta, sexta, segunda, ter\u00e7a e quarta (dublado)<br \/>\nSala 4: 12h10, 14h25 e 16h45 &#8211; s\u00e1bado e domingo (dublado)<\/p>\n<p><span style=\"text-decoration: underline;\"><strong>Bloodshot<\/strong><\/span><br \/>\nSala 6: 14h05, 16h30, 19h e 21h30 &#8211; quinta, sexta, segunda, ter\u00e7a e quarta (dublado)<br \/>\nSala 6: 14h05, 16h30, 19h e 21h40 &#8211; s\u00e1bado e domingo (dublado)<\/p>\n<p><span style=\"text-decoration: underline;\"><strong>Terremoto<\/strong><\/span><br \/>\nSala 4: 18h55 e 21h20 &#8211; quinta, sexta, segunda, ter\u00e7a e quarta (dublado)<br \/>\nSala 4: 18h55 e 21h30 &#8211; s\u00e1bado e domingo (dublado)<\/p>\n<p><span style=\"text-decoration: underline;\"><span class=\"s2\"><b>Dois Irm\u00e3os &#8211; Uma Jornada Fant\u00e1stica<br \/>\n<\/b><\/span><\/span><span class=\"s1\">Sala 5: 17h50 &#8211; quinta, sexta e segunda (dublado)<br \/>\n<\/span><span class=\"s1\">Sala 5: 13h e 17h55 &#8211; s\u00e1bado e domingo (dublado)<br \/>\n<\/span><span class=\"s1\">Sala 5: 17h55 &#8211; ter\u00e7a (dublado)<br \/>\n<\/span><span class=\"s1\">Sala 5: 18h &#8211; quarta (dublado)<br \/>\n<\/span><span class=\"s1\">Sala 5: 15h20 e 20h20 &#8211; quinta, sexta e segunda (dublado 3D)<br \/>\n<\/span><span class=\"s1\">Sala 5: 15h30 e 20h20 &#8211; s\u00e1bado, domingo e ter\u00e7a (dublado 3D)<br \/>\n<\/span><span class=\"s1\">Sala 5: 15h30 &#8211; quarta (dublado 3D)<\/span><\/p>\n<p><span style=\"text-decoration: underline;\"><strong>A Hora da Sua Morte<\/strong><\/span><br \/>\nSala 3: 14h05 &#8211; quinta, sexta, segunda, ter\u00e7a e quarta (dublado)<br \/>\nSala 3: 13h40 &#8211; s\u00e1bado e domingo (dublado)<\/p>\n<p><span style=\"text-decoration: underline;\"><strong>O Homem Invis\u00edvel<\/strong><\/span><br \/>\nSala 3: 17h01 e 21h45 &#8211; quinta, sexta, segunda e ter\u00e7a (legendado)<br \/>\nSala 3: 15h45 e 20h30 &#8211; s\u00e1bado e domingo (legendado)<br \/>\nSala 3: 16h10 &#8211; quarta (legendado)<\/p>\n<p><span style=\"text-decoration: underline;\"><strong style=\"font-family: -apple-system, BlinkMacSystemFont, 'Segoe UI', Roboto, Oxygen-Sans, Ubuntu, Cantarell, 'Helvetica Neue', sans-serif;\">Maria e Jo\u00e3o: O Conto das Bruxas<br \/>\n<\/strong><\/span><span style=\"font-family: -apple-system, BlinkMacSystemFont, 'Segoe UI', Roboto, Oxygen-Sans, Ubuntu, Cantarell, 'Helvetica Neue', sans-serif;\">Sala 3: 19h40 &#8211; quinta, segunda, segunda e ter\u00e7a (dublado)<br \/>\nSala 3: 18h24 &#8211; s\u00e1bado e domingo (dublado)<br \/>\nSala 3: 18h50 &#8211; quarta (dublado)<\/span><\/p>\n<p><span style=\"text-decoration: underline;\"><strong>Sonic, o Filme<\/strong><\/span><br \/>\nSala 2: 14h, 16h15, 18h30 e 20h45 &#8211; quinta e sexta (dublado)<br \/>\nSala 2: 12h35, 14h50, 17h05 e 19h30 &#8211; s\u00e1bado e domingo (dublado)<br \/>\nSala 2: 16h26, 18h40 e 20h55 &#8211; segunda, ter\u00e7a e quarta (dublado)<\/p>\n<p><strong style=\"font-family: -apple-system, BlinkMacSystemFont, 'Segoe UI', Roboto, Oxygen-Sans, Ubuntu, Cantarell, 'Helvetica Neue', sans-serif;\"><u>Minha M\u00e3e \u00e9 uma Pe\u00e7a 3<\/u><br \/>\n<\/strong>Sala 2 &#8211; 14h &#8211; segunda, ter\u00e7a e quarta (original)<\/p>\n<p><img decoding=\"async\" class=\"aligncenter size-full wp-image-38474\" src=\"https:\/\/www.clickfozdoiguacu.com.br\/wp-content\/uploads\/2019\/01\/banner-cine-cataratas.jpg\" alt=\"\" width=\"849\" height=\"134\" srcset=\"http:\/\/box5640.temp.domains\/~clickfoz\/wp-content\/uploads\/2019\/01\/banner-cine-cataratas.jpg 849w, http:\/\/box5640.temp.domains\/~clickfoz\/wp-content\/uploads\/2019\/01\/banner-cine-cataratas-300x47.jpg 300w, http:\/\/box5640.temp.domains\/~clickfoz\/wp-content\/uploads\/2019\/01\/banner-cine-cataratas-768x121.jpg 768w\" sizes=\"(max-width: 849px) 100vw, 849px\" \/><\/p>\n<p><strong><span class=\"s1\"><b>Filmes em cartaz de 12\/03\/2020<span class=\"s2\"> a 18\/03\/2020<\/span><\/b><\/span><\/strong><\/p>\n<p>O site do Cine Cataratas est\u00e1 fora do ar, por isso, n\u00e3o tivemos acesso a programa\u00e7\u00e3o desta semana. Assim que poss\u00edvel, atualizaremos.<\/p>\n<p><a href=\"http:\/\/clickfoz.com.br\/whatsapp\" target=\"_blank\" rel=\"noopener noreferrer\"><img decoding=\"async\" class=\"aligncenter size-large wp-image-34614\" src=\"https:\/\/www.clickfozdoiguacu.com.br\/wp-content\/uploads\/2018\/08\/banner-clickfoz-1-1024x153.png\" alt=\"\" width=\"1024\" height=\"153\" srcset=\"http:\/\/box5640.temp.domains\/~clickfoz\/wp-content\/uploads\/2018\/08\/banner-clickfoz-1-1024x153.png 1024w, http:\/\/box5640.temp.domains\/~clickfoz\/wp-content\/uploads\/2018\/08\/banner-clickfoz-1-300x45.png 300w, http:\/\/box5640.temp.domains\/~clickfoz\/wp-content\/uploads\/2018\/08\/banner-clickfoz-1-768x115.png 768w, http:\/\/box5640.temp.domains\/~clickfoz\/wp-content\/uploads\/2018\/08\/banner-clickfoz-1.png 1200w\" sizes=\"(max-width: 1024px) 100vw, 1024px\" \/><\/a><\/p>\n","protected":false},"excerpt":{"rendered":"<p>Filmes em cartaz de 12\/03\/2020 a 18\/03\/2020 A Maldi\u00e7\u00e3o do Espelho Sala 1: 16h, 18h, 20h e 22h &#8211; quinta, sexta, segunda e ter\u00e7a (dublado) Sala 1: 13h20, 15h20, 17h20, 19h20 e 21h20 &#8211; s\u00e1bado e domingo (dublado) Sala 1: 15h40, 17h50, 19h50 e 21h50 &#8211; quarta (dublado) Aprendiz de Espi\u00e3 Sala 4: 14h25 e [&hellip;]<\/p>\n","protected":false},"author":11,"featured_media":39485,"parent":0,"menu_order":0,"comment_status":"closed","ping_status":"closed","template":"","meta":{"footnotes":""},"class_list":["post-20167","page","type-page","status-publish","has-post-thumbnail","hentry"],"yoast_head":"<!-- This site is optimized with the Yoast SEO plugin v25.2 - https:\/\/yoast.com\/wordpress\/plugins\/seo\/ -->\n<title>Cinema em Foz do Igua\u00e7u - Clickfoz<\/title>\n<meta name=\"robots\" content=\"index, follow, max-snippet:-1, max-image-preview:large, max-video-preview:-1\" \/>\n<link rel=\"canonical\" href=\"http:\/\/box5640.temp.domains\/~clickfoz\/cinema-em-foz-do-iguacu\/\" \/>\n<meta property=\"og:locale\" content=\"pt_BR\" \/>\n<meta property=\"og:type\" content=\"article\" \/>\n<meta property=\"og:title\" content=\"Cinema em Foz do Igua\u00e7u - Clickfoz\" \/>\n<meta property=\"og:description\" content=\"Filmes em cartaz de 12\/03\/2020 a 18\/03\/2020 A Maldi\u00e7\u00e3o do Espelho Sala 1: 16h, 18h, 20h e 22h &#8211; quinta, sexta, segunda e ter\u00e7a (dublado) Sala 1: 13h20, 15h20, 17h20, 19h20 e 21h20 &#8211; s\u00e1bado e domingo (dublado) Sala 1: 15h40, 17h50, 19h50 e 21h50 &#8211; quarta (dublado) Aprendiz de Espi\u00e3 Sala 4: 14h25 e [&hellip;]\" \/>\n<meta property=\"og:url\" content=\"http:\/\/box5640.temp.domains\/~clickfoz\/cinema-em-foz-do-iguacu\/\" \/>\n<meta property=\"og:site_name\" content=\"Clickfoz\" \/>\n<meta property=\"article:publisher\" content=\"https:\/\/facebook.com\/clickfoz\" \/>\n<meta property=\"article:modified_time\" content=\"2020-03-12T20:22:34+00:00\" \/>\n<meta property=\"og:image\" content=\"http:\/\/box5640.temp.domains\/~clickfoz\/wp-content\/uploads\/2019\/03\/CF_0030719_A_ImgSite_CINEMA_1000x666px.jpg\" \/>\n\t<meta property=\"og:image:width\" content=\"1000\" \/>\n\t<meta property=\"og:image:height\" content=\"666\" \/>\n\t<meta property=\"og:image:type\" content=\"image\/jpeg\" \/>\n<meta name=\"twitter:card\" content=\"summary_large_image\" \/>\n<meta name=\"twitter:site\" content=\"@clickfoz\" \/>\n<meta name=\"twitter:label1\" content=\"Est. tempo de leitura\" \/>\n\t<meta name=\"twitter:data1\" content=\"2 minutos\" \/>\n<script type=\"application\/ld+json\" class=\"yoast-schema-graph\">{\"@context\":\"https:\/\/schema.org\",\"@graph\":[{\"@type\":\"WebPage\",\"@id\":\"http:\/\/box5640.temp.domains\/~clickfoz\/cinema-em-foz-do-iguacu\/\",\"url\":\"http:\/\/box5640.temp.domains\/~clickfoz\/cinema-em-foz-do-iguacu\/\",\"name\":\"Cinema em Foz do Igua\u00e7u - Clickfoz\",\"isPartOf\":{\"@id\":\"https:\/\/box5640.temp.domains\/~clickfoz\/#website\"},\"primaryImageOfPage\":{\"@id\":\"http:\/\/box5640.temp.domains\/~clickfoz\/cinema-em-foz-do-iguacu\/#primaryimage\"},\"image\":{\"@id\":\"http:\/\/box5640.temp.domains\/~clickfoz\/cinema-em-foz-do-iguacu\/#primaryimage\"},\"thumbnailUrl\":\"http:\/\/box5640.temp.domains\/~clickfoz\/wp-content\/uploads\/2019\/03\/CF_0030719_A_ImgSite_CINEMA_1000x666px.jpg\",\"datePublished\":\"2019-01-17T11:15:27+00:00\",\"dateModified\":\"2020-03-12T20:22:34+00:00\",\"breadcrumb\":{\"@id\":\"http:\/\/box5640.temp.domains\/~clickfoz\/cinema-em-foz-do-iguacu\/#breadcrumb\"},\"inLanguage\":\"pt-BR\",\"potentialAction\":[{\"@type\":\"ReadAction\",\"target\":[\"http:\/\/box5640.temp.domains\/~clickfoz\/cinema-em-foz-do-iguacu\/\"]}]},{\"@type\":\"ImageObject\",\"inLanguage\":\"pt-BR\",\"@id\":\"http:\/\/box5640.temp.domains\/~clickfoz\/cinema-em-foz-do-iguacu\/#primaryimage\",\"url\":\"http:\/\/box5640.temp.domains\/~clickfoz\/wp-content\/uploads\/2019\/03\/CF_0030719_A_ImgSite_CINEMA_1000x666px.jpg\",\"contentUrl\":\"http:\/\/box5640.temp.domains\/~clickfoz\/wp-content\/uploads\/2019\/03\/CF_0030719_A_ImgSite_CINEMA_1000x666px.jpg\",\"width\":1000,\"height\":666,\"caption\":\"Programa\u00e7\u00e3o de Cinema em Foz do Igua\u00e7u.\"},{\"@type\":\"BreadcrumbList\",\"@id\":\"http:\/\/box5640.temp.domains\/~clickfoz\/cinema-em-foz-do-iguacu\/#breadcrumb\",\"itemListElement\":[{\"@type\":\"ListItem\",\"position\":1,\"name\":\"Home\",\"item\":\"http:\/\/box5640.temp.domains\/~clickfoz\/\"},{\"@type\":\"ListItem\",\"position\":2,\"name\":\"Cinema em Foz do Igua\u00e7u\"}]},{\"@type\":\"WebSite\",\"@id\":\"https:\/\/box5640.temp.domains\/~clickfoz\/#website\",\"url\":\"https:\/\/box5640.temp.domains\/~clickfoz\/\",\"name\":\"Click Foz do Igua\u00e7u\",\"description\":\"O portal de not\u00edcias de Foz do Igua\u00e7u\",\"publisher\":{\"@id\":\"https:\/\/box5640.temp.domains\/~clickfoz\/#organization\"},\"potentialAction\":[{\"@type\":\"SearchAction\",\"target\":{\"@type\":\"EntryPoint\",\"urlTemplate\":\"https:\/\/box5640.temp.domains\/~clickfoz\/?s={search_term_string}\"},\"query-input\":{\"@type\":\"PropertyValueSpecification\",\"valueRequired\":true,\"valueName\":\"search_term_string\"}}],\"inLanguage\":\"pt-BR\"},{\"@type\":\"Organization\",\"@id\":\"https:\/\/box5640.temp.domains\/~clickfoz\/#organization\",\"name\":\"Clickfoz - Portal de Not\u00edcias de Foz do Igua\u00e7i\",\"url\":\"https:\/\/box5640.temp.domains\/~clickfoz\/\",\"logo\":{\"@type\":\"ImageObject\",\"inLanguage\":\"pt-BR\",\"@id\":\"https:\/\/box5640.temp.domains\/~clickfoz\/#\/schema\/logo\/image\/\",\"url\":\"http:\/\/box5640.temp.domains\/~clickfoz\/wp-content\/uploads\/2019\/04\/clickfoz-mini-logo-green-mouse-190x65.png\",\"contentUrl\":\"http:\/\/box5640.temp.domains\/~clickfoz\/wp-content\/uploads\/2019\/04\/clickfoz-mini-logo-green-mouse-190x65.png\",\"width\":190,\"height\":65,\"caption\":\"Clickfoz - Portal de Not\u00edcias de Foz do Igua\u00e7i\"},\"image\":{\"@id\":\"https:\/\/box5640.temp.domains\/~clickfoz\/#\/schema\/logo\/image\/\"},\"sameAs\":[\"https:\/\/facebook.com\/clickfoz\",\"https:\/\/x.com\/clickfoz\",\"https:\/\/www.instagram.com\/clickfoz\"]}]}<\/script>\n<!-- \/ Yoast SEO plugin. -->","yoast_head_json":{"title":"Cinema em Foz do Igua\u00e7u - Clickfoz","robots":{"index":"index","follow":"follow","max-snippet":"max-snippet:-1","max-image-preview":"max-image-preview:large","max-video-preview":"max-video-preview:-1"},"canonical":"http:\/\/box5640.temp.domains\/~clickfoz\/cinema-em-foz-do-iguacu\/","og_locale":"pt_BR","og_type":"article","og_title":"Cinema em Foz do Igua\u00e7u - Clickfoz","og_description":"Filmes em cartaz de 12\/03\/2020 a 18\/03\/2020 A Maldi\u00e7\u00e3o do Espelho Sala 1: 16h, 18h, 20h e 22h &#8211; quinta, sexta, segunda e ter\u00e7a (dublado) Sala 1: 13h20, 15h20, 17h20, 19h20 e 21h20 &#8211; s\u00e1bado e domingo (dublado) Sala 1: 15h40, 17h50, 19h50 e 21h50 &#8211; quarta (dublado) Aprendiz de Espi\u00e3 Sala 4: 14h25 e [&hellip;]","og_url":"http:\/\/box5640.temp.domains\/~clickfoz\/cinema-em-foz-do-iguacu\/","og_site_name":"Clickfoz","article_publisher":"https:\/\/facebook.com\/clickfoz","article_modified_time":"2020-03-12T20:22:34+00:00","og_image":[{"width":1000,"height":666,"url":"http:\/\/box5640.temp.domains\/~clickfoz\/wp-content\/uploads\/2019\/03\/CF_0030719_A_ImgSite_CINEMA_1000x666px.jpg","type":"image\/jpeg"}],"twitter_card":"summary_large_image","twitter_site":"@clickfoz","twitter_misc":{"Est. tempo de leitura":"2 minutos"},"schema":{"@context":"https:\/\/schema.org","@graph":[{"@type":"WebPage","@id":"http:\/\/box5640.temp.domains\/~clickfoz\/cinema-em-foz-do-iguacu\/","url":"http:\/\/box5640.temp.domains\/~clickfoz\/cinema-em-foz-do-iguacu\/","name":"Cinema em Foz do Igua\u00e7u - Clickfoz","isPartOf":{"@id":"https:\/\/box5640.temp.domains\/~clickfoz\/#website"},"primaryImageOfPage":{"@id":"http:\/\/box5640.temp.domains\/~clickfoz\/cinema-em-foz-do-iguacu\/#primaryimage"},"image":{"@id":"http:\/\/box5640.temp.domains\/~clickfoz\/cinema-em-foz-do-iguacu\/#primaryimage"},"thumbnailUrl":"http:\/\/box5640.temp.domains\/~clickfoz\/wp-content\/uploads\/2019\/03\/CF_0030719_A_ImgSite_CINEMA_1000x666px.jpg","datePublished":"2019-01-17T11:15:27+00:00","dateModified":"2020-03-12T20:22:34+00:00","breadcrumb":{"@id":"http:\/\/box5640.temp.domains\/~clickfoz\/cinema-em-foz-do-iguacu\/#breadcrumb"},"inLanguage":"pt-BR","potentialAction":[{"@type":"ReadAction","target":["http:\/\/box5640.temp.domains\/~clickfoz\/cinema-em-foz-do-iguacu\/"]}]},{"@type":"ImageObject","inLanguage":"pt-BR","@id":"http:\/\/box5640.temp.domains\/~clickfoz\/cinema-em-foz-do-iguacu\/#primaryimage","url":"http:\/\/box5640.temp.domains\/~clickfoz\/wp-content\/uploads\/2019\/03\/CF_0030719_A_ImgSite_CINEMA_1000x666px.jpg","contentUrl":"http:\/\/box5640.temp.domains\/~clickfoz\/wp-content\/uploads\/2019\/03\/CF_0030719_A_ImgSite_CINEMA_1000x666px.jpg","width":1000,"height":666,"caption":"Programa\u00e7\u00e3o de Cinema em Foz do Igua\u00e7u."},{"@type":"BreadcrumbList","@id":"http:\/\/box5640.temp.domains\/~clickfoz\/cinema-em-foz-do-iguacu\/#breadcrumb","itemListElement":[{"@type":"ListItem","position":1,"name":"Home","item":"http:\/\/box5640.temp.domains\/~clickfoz\/"},{"@type":"ListItem","position":2,"name":"Cinema em Foz do Igua\u00e7u"}]},{"@type":"WebSite","@id":"https:\/\/box5640.temp.domains\/~clickfoz\/#website","url":"https:\/\/box5640.temp.domains\/~clickfoz\/","name":"Click Foz do Igua\u00e7u","description":"O portal de not\u00edcias de Foz do Igua\u00e7u","publisher":{"@id":"https:\/\/box5640.temp.domains\/~clickfoz\/#organization"},"potentialAction":[{"@type":"SearchAction","target":{"@type":"EntryPoint","urlTemplate":"https:\/\/box5640.temp.domains\/~clickfoz\/?s={search_term_string}"},"query-input":{"@type":"PropertyValueSpecification","valueRequired":true,"valueName":"search_term_string"}}],"inLanguage":"pt-BR"},{"@type":"Organization","@id":"https:\/\/box5640.temp.domains\/~clickfoz\/#organization","name":"Clickfoz - Portal de Not\u00edcias de Foz do Igua\u00e7i","url":"https:\/\/box5640.temp.domains\/~clickfoz\/","logo":{"@type":"ImageObject","inLanguage":"pt-BR","@id":"https:\/\/box5640.temp.domains\/~clickfoz\/#\/schema\/logo\/image\/","url":"http:\/\/box5640.temp.domains\/~clickfoz\/wp-content\/uploads\/2019\/04\/clickfoz-mini-logo-green-mouse-190x65.png","contentUrl":"http:\/\/box5640.temp.domains\/~clickfoz\/wp-content\/uploads\/2019\/04\/clickfoz-mini-logo-green-mouse-190x65.png","width":190,"height":65,"caption":"Clickfoz - Portal de Not\u00edcias de Foz do Igua\u00e7i"},"image":{"@id":"https:\/\/box5640.temp.domains\/~clickfoz\/#\/schema\/logo\/image\/"},"sameAs":["https:\/\/facebook.com\/clickfoz","https:\/\/x.com\/clickfoz","https:\/\/www.instagram.com\/clickfoz"]}]}},"_links":{"self":[{"href":"http:\/\/box5640.temp.domains\/~clickfoz\/wp-json\/wp\/v2\/pages\/20167","targetHints":{"allow":["GET"]}}],"collection":[{"href":"http:\/\/box5640.temp.domains\/~clickfoz\/wp-json\/wp\/v2\/pages"}],"about":[{"href":"http:\/\/box5640.temp.domains\/~clickfoz\/wp-json\/wp\/v2\/types\/page"}],"author":[{"embeddable":true,"href":"http:\/\/box5640.temp.domains\/~clickfoz\/wp-json\/wp\/v2\/users\/11"}],"replies":[{"embeddable":true,"href":"http:\/\/box5640.temp.domains\/~clickfoz\/wp-json\/wp\/v2\/comments?post=20167"}],"version-history":[{"count":102,"href":"http:\/\/box5640.temp.domains\/~clickfoz\/wp-json\/wp\/v2\/pages\/20167\/revisions"}],"predecessor-version":[{"id":48464,"href":"http:\/\/box5640.temp.domains\/~clickfoz\/wp-json\/wp\/v2\/pages\/20167\/revisions\/48464"}],"wp:featuredmedia":[{"embeddable":true,"href":"http:\/\/box5640.temp.domains\/~clickfoz\/wp-json\/wp\/v2\/media\/39485"}],"wp:attachment":[{"href":"http:\/\/box5640.temp.domains\/~clickfoz\/wp-json\/wp\/v2\/media?parent=20167"}],"curies":[{"name":"wp","href":"https:\/\/api.w.org\/{rel}","templated":true}]}}